{"id":155,"date":"2025-02-08T10:05:00","date_gmt":"2025-02-08T09:05:00","guid":{"rendered":"https:\/\/aurore-leroy.com\/?page_id=155"},"modified":"2025-02-08T10:13:32","modified_gmt":"2025-02-08T09:13:32","slug":"mentions-legales-2","status":"publish","type":"page","link":"https:\/\/aurore-leroy.com\/?page_id=155","title":{"rendered":"Mentions l\u00e9gales"},"content":{"rendered":"\n<p>&nbsp;&#8211; Editeur du site et Directeur de la Publication : Aurore Le Roy, joignable sur les r\u00e9seaux sociaux (Facebook ou Instagram dont les liens sont cliquables sur le Site) ou \u00e0 l\u2019adresse email <a href=\"mailto:fauconchouette@gmail.com\">fauconchouette@gmail.com<\/a>.<\/p>\n\n\n\n<p>&#8211; Le nom de domaine <a href=\"https:\/\/aurore-leroy.com\/\">https:\/\/aurore-leroy.com\/<\/a>&nbsp;est la propri\u00e9t\u00e9 de l\u2019auteur Aurore Le Roy. &nbsp;<\/p>\n\n\n\n<p>&#8211; H\u00e9bergeur :\u00a0auto-h\u00e9berg\u00e9.<\/p>\n\n\n\n<p>&#8211; Cr\u00e9ation du webdesign : WordPress.<\/p>\n","protected":false},"excerpt":{"rendered":"<p>&nbsp;&#8211; Editeur du site et Directeur de la Publication : Aurore Le Roy, joignable sur les r\u00e9seaux sociaux (Facebook ou Instagram dont les liens sont cliquables sur le Site) ou \u00e0 l\u2019adresse email fauconchouette@gmail.com. &#8211; Le nom de domaine https:\/\/aurore-leroy.com\/&nbsp;est la propri\u00e9t\u00e9 de l\u2019auteur Aurore Le Roy. &nbsp; &#8211; H\u00e9bergeur :\u00a0auto-h\u00e9berg\u00e9. &#8211; Cr\u00e9ation du webdesign &hellip; <\/p>\n<p class=\"link-more\"><a href=\"https:\/\/aurore-leroy.com\/?page_id=155\" class=\"more-link\">Continuer la lecture<span class=\"screen-reader-text\"> de &laquo;&nbsp;Mentions l\u00e9gales&nbsp;&raquo;<\/span><\/a><\/p>\n","protected":false},"author":1,"featured_media":0,"parent":0,"menu_order":0,"comment_status":"closed","ping_status":"closed","template":"","meta":{"_glsr_average":0,"_glsr_ranking":0,"_glsr_reviews":0,"footnotes":""},"class_list":["post-155","page","type-page","status-publish","hentry"],"_links":{"self":[{"href":"https:\/\/aurore-leroy.com\/index.php?rest_route=\/wp\/v2\/pages\/155","targetHints":{"allow":["GET"]}}],"collection":[{"href":"https:\/\/aurore-leroy.com\/index.php?rest_route=\/wp\/v2\/pages"}],"about":[{"href":"https:\/\/aurore-leroy.com\/index.php?rest_route=\/wp\/v2\/types\/page"}],"author":[{"embeddable":true,"href":"https:\/\/aurore-leroy.com\/index.php?rest_route=\/wp\/v2\/users\/1"}],"replies":[{"embeddable":true,"href":"https:\/\/aurore-leroy.com\/index.php?rest_route=%2Fwp%2Fv2%2Fcomments&post=155"}],"version-history":[{"count":2,"href":"https:\/\/aurore-leroy.com\/index.php?rest_route=\/wp\/v2\/pages\/155\/revisions"}],"predecessor-version":[{"id":160,"href":"https:\/\/aurore-leroy.com\/index.php?rest_route=\/wp\/v2\/pages\/155\/revisions\/160"}],"wp:attachment":[{"href":"https:\/\/aurore-leroy.com\/index.php?rest_route=%2Fwp%2Fv2%2Fmedia&parent=155"}],"curies":[{"name":"wp","href":"https:\/\/api.w.org\/{rel}","templated":true}]}}