{"id":9,"date":"2025-02-01T16:07:15","date_gmt":"2025-02-01T15:07:15","guid":{"rendered":"https:\/\/konjo.aurore-leroy.com\/?page_id=9"},"modified":"2025-12-16T19:50:13","modified_gmt":"2025-12-16T18:50:13","slug":"accueil","status":"publish","type":"page","link":"https:\/\/aurore-leroy.com\/","title":{"rendered":"Accueil"},"content":{"rendered":"\n<p>Bienvenue sur ce site d\u00e9di\u00e9 aux livres de la s\u00e9rie KONJ\u014c !<\/p>\n\n\n\n<p>Vous trouverez ici toutes les informations sur les premi\u00e8res parutions de la saga et celles \u00e0 venir.<\/p>\n\n\n\n<p><strong>A quoi s&rsquo;attendre avec cette s\u00e9rie ?<\/strong> <img loading=\"lazy\" decoding=\"async\" width=\"150\" height=\"150\" class=\"wp-image-170\" style=\"width: 150px;\" src=\"https:\/\/konjo.aurore-leroy.com\/wp-content\/uploads\/2025\/02\/Logo.PNG-Photoroom.png\" alt=\"\" srcset=\"https:\/\/aurore-leroy.com\/wp-content\/uploads\/2025\/02\/Logo.PNG-Photoroom.png 1024w, https:\/\/aurore-leroy.com\/wp-content\/uploads\/2025\/02\/Logo.PNG-Photoroom-300x300.png 300w, https:\/\/aurore-leroy.com\/wp-content\/uploads\/2025\/02\/Logo.PNG-Photoroom-150x150.png 150w, https:\/\/aurore-leroy.com\/wp-content\/uploads\/2025\/02\/Logo.PNG-Photoroom-768x768.png 768w, https:\/\/aurore-leroy.com\/wp-content\/uploads\/2025\/02\/Logo.PNG-Photoroom-100x100.png 100w\" sizes=\"auto, (max-width: 150px) 100vw, 150px\" \/><\/p>\n\n\n\n<p>Quand Lucie pose le pied au Japon pour un \u00e9change universitaire, elle est loin d\u2019imaginer l\u2019ampleur des \u00e9preuves qui l\u2019attendent. Entre traditions rigoureuses et r\u00e9alit\u00e9s m\u00e9connues, son travail la pousse \u00e0 c\u00f4toyer une jeunesse marginalis\u00e9e, allergique au moule nippon.<\/p>\n\n\n\n<p>\u00c0 mesure que les liens se tissent, Lucie d\u00e9couvre un monde fait de rivalit\u00e9s, de choix p\u00e9rilleux et de secrets enfouis. Au fil des tomes, ce voyage initiatique se r\u00e9v\u00e8le plein de surprises, o\u00f9 un amour naissant, de solides amiti\u00e9s et le danger s\u2019entrelacent dans les ruelles d\u2019un Osaka aussi fascinant que troublant.<\/p>\n\n\n\n<p><strong>Un roman intense o\u00f9 culture, tensions sociales et \u00e9motions s\u2019entrechoquent.<\/strong><\/p>\n","protected":false},"excerpt":{"rendered":"<p>Bienvenue sur ce site d\u00e9di\u00e9 aux livres de la s\u00e9rie KONJ\u014c ! Vous trouverez ici toutes les informations sur les premi\u00e8res parutions de la saga et celles \u00e0 venir. A quoi s&rsquo;attendre avec cette s\u00e9rie ? Quand Lucie pose le pied au Japon pour un \u00e9change universitaire, elle est loin d\u2019imaginer l\u2019ampleur des \u00e9preuves qui &hellip; <\/p>\n<p class=\"link-more\"><a href=\"https:\/\/aurore-leroy.com\/\" class=\"more-link\">Continuer la lecture<span class=\"screen-reader-text\"> de &laquo;&nbsp;Accueil&nbsp;&raquo;<\/span><\/a><\/p>\n","protected":false},"author":1,"featured_media":0,"parent":0,"menu_order":0,"comment_status":"closed","ping_status":"closed","template":"","meta":{"_glsr_average":0,"_glsr_ranking":0,"_glsr_reviews":0,"footnotes":""},"class_list":["post-9","page","type-page","status-publish","hentry"],"_links":{"self":[{"href":"https:\/\/aurore-leroy.com\/index.php?rest_route=\/wp\/v2\/pages\/9","targetHints":{"allow":["GET"]}}],"collection":[{"href":"https:\/\/aurore-leroy.com\/index.php?rest_route=\/wp\/v2\/pages"}],"about":[{"href":"https:\/\/aurore-leroy.com\/index.php?rest_route=\/wp\/v2\/types\/page"}],"author":[{"embeddable":true,"href":"https:\/\/aurore-leroy.com\/index.php?rest_route=\/wp\/v2\/users\/1"}],"replies":[{"embeddable":true,"href":"https:\/\/aurore-leroy.com\/index.php?rest_route=%2Fwp%2Fv2%2Fcomments&post=9"}],"version-history":[{"count":14,"href":"https:\/\/aurore-leroy.com\/index.php?rest_route=\/wp\/v2\/pages\/9\/revisions"}],"predecessor-version":[{"id":264,"href":"https:\/\/aurore-leroy.com\/index.php?rest_route=\/wp\/v2\/pages\/9\/revisions\/264"}],"wp:attachment":[{"href":"https:\/\/aurore-leroy.com\/index.php?rest_route=%2Fwp%2Fv2%2Fmedia&parent=9"}],"curies":[{"name":"wp","href":"https:\/\/api.w.org\/{rel}","templated":true}]}}